{"id":3036,"date":"2020-07-21T09:10:33","date_gmt":"2020-07-21T09:10:33","guid":{"rendered":"https:\/\/www.frantoioarmato.it\/verkostungen\/"},"modified":"2020-07-21T09:13:10","modified_gmt":"2020-07-21T09:13:10","slug":"verkostungen","status":"publish","type":"page","link":"https:\/\/www.frantoioarmato.it\/de\/verkostungen\/","title":{"rendered":"Verkostungen"},"content":{"rendered":"\t\t<div data-elementor-type=\"wp-page\" data-elementor-id=\"3036\" class=\"elementor elementor-3036 elementor-1498\" data-elementor-post-type=\"page\">\n\t\t\t\t\t\t<section class=\"elementor-section elementor-top-section elementor-element elementor-element-8c945de elementor-section-boxed elementor-section-height-default elementor-section-height-default\" data-id=\"8c945de\" data-element_type=\"section\" data-e-type=\"section\">\n\t\t\t\t\t\t<div class=\"elementor-container elementor-column-gap-default\">\n\t\t\t\t\t<div class=\"elementor-column elementor-col-100 elementor-top-column elementor-element elementor-element-d03a68d\" data-id=\"d03a68d\" data-element_type=\"column\" data-e-type=\"column\">\n\t\t\t<div class=\"elementor-widget-wrap elementor-element-populated\">\n\t\t\t\t\t\t<div class=\"elementor-element elementor-element-ca475d9 elementor-widget elementor-widget-heading\" data-id=\"ca475d9\" data-element_type=\"widget\" data-e-type=\"widget\" data-widget_type=\"heading.default\">\n\t\t\t\t<div class=\"elementor-widget-container\">\n\t\t\t\t\t<h1 class=\"elementor-heading-title elementor-size-default\">Verkostung typischer Produkte <\/h1>\t\t\t\t<\/div>\n\t\t\t\t<\/div>\n\t\t\t\t<div class=\"elementor-element elementor-element-69f1463 elementor-widget elementor-widget-heading\" data-id=\"69f1463\" data-element_type=\"widget\" data-e-type=\"widget\" data-widget_type=\"heading.default\">\n\t\t\t\t<div class=\"elementor-widget-container\">\n\t\t\t\t\t<h3 class=\"elementor-heading-title elementor-size-default\">auf Oliven\u00f6lbasis in Alassio<\/h3>\t\t\t\t<\/div>\n\t\t\t\t<\/div>\n\t\t\t\t<div class=\"elementor-element elementor-element-691409c elementor-hidden-phone elementor-widget elementor-widget-image\" data-id=\"691409c\" data-element_type=\"widget\" data-e-type=\"widget\" data-widget_type=\"image.default\">\n\t\t\t\t<div class=\"elementor-widget-container\">\n\t\t\t\t\t\t\t\t\t\t\t\t\t\t\t<img fetchpriority=\"high\" decoding=\"async\" width=\"1429\" height=\"53\" src=\"https:\/\/www.frantoioarmato.it\/wp-content\/uploads\/2020\/04\/divisorio-armato.png\" class=\"attachment-full size-full wp-image-2045\" alt=\"\" srcset=\"https:\/\/www.frantoioarmato.it\/wp-content\/uploads\/2020\/04\/divisorio-armato.png 1429w, https:\/\/www.frantoioarmato.it\/wp-content\/uploads\/2020\/04\/divisorio-armato-300x11.png 300w, https:\/\/www.frantoioarmato.it\/wp-content\/uploads\/2020\/04\/divisorio-armato-1024x38.png 1024w, https:\/\/www.frantoioarmato.it\/wp-content\/uploads\/2020\/04\/divisorio-armato-768x28.png 768w, https:\/\/www.frantoioarmato.it\/wp-content\/uploads\/2020\/04\/divisorio-armato-600x22.png 600w\" sizes=\"(max-width: 1429px) 100vw, 1429px\" \/>\t\t\t\t\t\t\t\t\t\t\t\t\t\t\t<\/div>\n\t\t\t\t<\/div>\n\t\t\t\t<div class=\"elementor-element elementor-element-901e993 elementor-hidden-desktop elementor-hidden-tablet elementor-widget elementor-widget-image\" data-id=\"901e993\" data-element_type=\"widget\" data-e-type=\"widget\" data-widget_type=\"image.default\">\n\t\t\t\t<div class=\"elementor-widget-container\">\n\t\t\t\t\t\t\t\t\t\t\t\t\t\t\t<img decoding=\"async\" width=\"479\" height=\"50\" src=\"https:\/\/www.frantoioarmato.it\/wp-content\/uploads\/2020\/04\/separatore-mobile.png\" class=\"attachment-full size-full wp-image-2125\" alt=\"\" srcset=\"https:\/\/www.frantoioarmato.it\/wp-content\/uploads\/2020\/04\/separatore-mobile.png 479w, https:\/\/www.frantoioarmato.it\/wp-content\/uploads\/2020\/04\/separatore-mobile-300x31.png 300w\" sizes=\"(max-width: 479px) 100vw, 479px\" \/>\t\t\t\t\t\t\t\t\t\t\t\t\t\t\t<\/div>\n\t\t\t\t<\/div>\n\t\t\t\t\t<\/div>\n\t\t<\/div>\n\t\t\t\t\t<\/div>\n\t\t<\/section>\n\t\t\t\t<section class=\"elementor-section elementor-top-section elementor-element elementor-element-311390f elementor-section-boxed elementor-section-height-default elementor-section-height-default\" data-id=\"311390f\" data-element_type=\"section\" data-e-type=\"section\">\n\t\t\t\t\t\t<div class=\"elementor-container elementor-column-gap-default\">\n\t\t\t\t\t<div class=\"elementor-column elementor-col-50 elementor-top-column elementor-element elementor-element-5060a3c\" data-id=\"5060a3c\" data-element_type=\"column\" data-e-type=\"column\">\n\t\t\t<div class=\"elementor-widget-wrap elementor-element-populated\">\n\t\t\t\t\t\t<div class=\"elementor-element elementor-element-c6f1e80 elementor-widget elementor-widget-image\" data-id=\"c6f1e80\" data-element_type=\"widget\" data-e-type=\"widget\" data-widget_type=\"image.default\">\n\t\t\t\t<div class=\"elementor-widget-container\">\n\t\t\t\t\t\t\t\t\t\t\t\t\t\t\t<img decoding=\"async\" width=\"488\" height=\"377\" src=\"https:\/\/www.frantoioarmato.it\/wp-content\/uploads\/2020\/07\/degustazione-prodotti-tipici.jpg\" class=\"attachment-full size-full wp-image-2729\" alt=\"\" srcset=\"https:\/\/www.frantoioarmato.it\/wp-content\/uploads\/2020\/07\/degustazione-prodotti-tipici.jpg 488w, https:\/\/www.frantoioarmato.it\/wp-content\/uploads\/2020\/07\/degustazione-prodotti-tipici-300x232.jpg 300w\" sizes=\"(max-width: 488px) 100vw, 488px\" \/>\t\t\t\t\t\t\t\t\t\t\t\t\t\t\t<\/div>\n\t\t\t\t<\/div>\n\t\t\t\t\t<\/div>\n\t\t<\/div>\n\t\t\t\t<div class=\"elementor-column elementor-col-50 elementor-top-column elementor-element elementor-element-fc16e33\" data-id=\"fc16e33\" data-element_type=\"column\" data-e-type=\"column\">\n\t\t\t<div class=\"elementor-widget-wrap elementor-element-populated\">\n\t\t\t\t\t\t<div class=\"elementor-element elementor-element-f3ce22d elementor-widget elementor-widget-heading\" data-id=\"f3ce22d\" data-element_type=\"widget\" data-e-type=\"widget\" data-widget_type=\"heading.default\">\n\t\t\t\t<div class=\"elementor-widget-container\">\n\t\t\t\t\t<h2 class=\"elementor-heading-title elementor-size-default\">Die \u00d6lm\u00fchle, unser Zuhause<\/h2>\t\t\t\t<\/div>\n\t\t\t\t<\/div>\n\t\t\t\t<div class=\"elementor-element elementor-element-eeac6a8 elementor-widget elementor-widget-text-editor\" data-id=\"eeac6a8\" data-element_type=\"widget\" data-e-type=\"widget\" data-widget_type=\"text-editor.default\">\n\t\t\t\t<div class=\"elementor-widget-container\">\n\t\t\t\t\t\t\t\t\t<p>Der \u00d6lm\u00fchle widmen wir all unsere Energien, sie stellt unseren gesamten Lebensinhalt dar, aber vor allem ist sie unser Zuhause. <\/p>\n<p>An diesem Ort versammelt sich unsere Familie, entscheidet \u00fcber die Weiterentwicklung unseres Betriebes, auf welche Produktionslinien wir uns konzentrieren und schlie\u00dflich entstehen hier auch neue Ideen. <\/p>\n<p><span style=\"font-size: 1rem;\">Es ist die Ideenschmiede, in der die Begegnung und der wichtige Meinungsaustausch zwischen den Mitarbeitern der \u00d6lm\u00fchle und unseren K\u00e4ufern stattfindet, <\/span><\/p>\n<p>wo die Kunden nicht nur einkaufen, sondern auch zu guten Freunden werden<strong>.<\/strong> <\/p>\n<p><strong>Der richtige Ort<\/strong>, um w\u00e4hrend der Verkostungen unserer Spezialit\u00e4ten von unserer Arbeit zu erz\u00e4hlen und neue Bekanntschaften zu schlie\u00dfen.<\/p>\n\t\t\t\t\t\t\t\t<\/div>\n\t\t\t\t<\/div>\n\t\t\t\t\t<\/div>\n\t\t<\/div>\n\t\t\t\t\t<\/div>\n\t\t<\/section>\n\t\t\t\t<section class=\"elementor-section elementor-top-section elementor-element elementor-element-b287d83 elementor-reverse-tablet elementor-reverse-mobile elementor-section-boxed elementor-section-height-default elementor-section-height-default\" data-id=\"b287d83\" data-element_type=\"section\" data-e-type=\"section\">\n\t\t\t\t\t\t<div class=\"elementor-container elementor-column-gap-default\">\n\t\t\t\t\t<div class=\"elementor-column elementor-col-50 elementor-top-column elementor-element elementor-element-7d9d850\" data-id=\"7d9d850\" data-element_type=\"column\" data-e-type=\"column\">\n\t\t\t<div class=\"elementor-widget-wrap elementor-element-populated\">\n\t\t\t\t\t\t<div class=\"elementor-element elementor-element-8b19410 elementor-widget elementor-widget-heading\" data-id=\"8b19410\" data-element_type=\"widget\" data-e-type=\"widget\" data-widget_type=\"heading.default\">\n\t\t\t\t<div class=\"elementor-widget-container\">\n\t\t\t\t\t<h2 class=\"elementor-heading-title elementor-size-default\">Verkostungen<\/h2>\t\t\t\t<\/div>\n\t\t\t\t<\/div>\n\t\t\t\t<div class=\"elementor-element elementor-element-383262d elementor-widget elementor-widget-text-editor\" data-id=\"383262d\" data-element_type=\"widget\" data-e-type=\"widget\" data-widget_type=\"text-editor.default\">\n\t\t\t\t<div class=\"elementor-widget-container\">\n\t\t\t\t\t\t\t\t\t<p><span style=\"font-size: 1rem;\">Das ganze Jahr \u00fcber nehmen wir Anmeldungen zu unseren Verkostungen entgegen, bei denen wir Ihnen die M\u00f6glichkeit bieten, altbew\u00e4hrte und neue Angebote aus unserem Katalog zu probieren: <\/span><\/p>\n<p>Naturreine und gesunde Produkte, hergestellt aus unserem <a href=\"https:\/\/www.frantoioarmato.it\/de\/natives-olivenol\/\">Nativen Oliven\u00f6l Extra<\/a>, <a href=\"https:\/\/www.frantoioarmato.it\/de\/pesto-pate\/\">Pestos und Pat\u00e8s<\/a> auf einfaches oder getoastetes Brot gestrichen, wobei sie ihren vollen Geschmack entfalten. Oder unsere <a href=\"https:\/\/www.frantoioarmato.it\/de\/dressings-aromaole\/\">\u00d6le<\/a> und die <a href=\"https:\/\/www.frantoioarmato.it\/de\/herzhafter-konserven\/\">herzhaften Konserven<\/a>, hergestellt aus den besten Zutaten unseres Territoriums. <\/p>\n<p>Ein sinnliches Erlebnis, das Sie nicht verpassen sollten, und dar\u00fcber hinaus eine Gelegenheit, bei der wir unseren Kunden die Hand geben und das gemeinsame Miteinander im Schatten unserer Olivenb\u00e4ume genie\u00dfen k\u00f6nnen.<\/p>\n\t\t\t\t\t\t\t\t<\/div>\n\t\t\t\t<\/div>\n\t\t\t\t\t<\/div>\n\t\t<\/div>\n\t\t\t\t<div class=\"elementor-column elementor-col-50 elementor-top-column elementor-element elementor-element-d1a40c1\" data-id=\"d1a40c1\" data-element_type=\"column\" data-e-type=\"column\">\n\t\t\t<div class=\"elementor-widget-wrap elementor-element-populated\">\n\t\t\t\t\t\t<div class=\"elementor-element elementor-element-2ba4ca9 elementor-widget elementor-widget-image\" data-id=\"2ba4ca9\" data-element_type=\"widget\" data-e-type=\"widget\" data-widget_type=\"image.default\">\n\t\t\t\t<div class=\"elementor-widget-container\">\n\t\t\t\t\t\t\t\t\t\t\t\t\t\t\t<img loading=\"lazy\" decoding=\"async\" width=\"800\" height=\"600\" src=\"https:\/\/www.frantoioarmato.it\/wp-content\/uploads\/2020\/07\/degustazioni-prodotti-tipici-ciacrinusa.jpg\" class=\"attachment-large size-large wp-image-2793\" alt=\"\" srcset=\"https:\/\/www.frantoioarmato.it\/wp-content\/uploads\/2020\/07\/degustazioni-prodotti-tipici-ciacrinusa.jpg 800w, https:\/\/www.frantoioarmato.it\/wp-content\/uploads\/2020\/07\/degustazioni-prodotti-tipici-ciacrinusa-300x225.jpg 300w, https:\/\/www.frantoioarmato.it\/wp-content\/uploads\/2020\/07\/degustazioni-prodotti-tipici-ciacrinusa-768x576.jpg 768w, https:\/\/www.frantoioarmato.it\/wp-content\/uploads\/2020\/07\/degustazioni-prodotti-tipici-ciacrinusa-600x450.jpg 600w\" sizes=\"(max-width: 800px) 100vw, 800px\" \/>\t\t\t\t\t\t\t\t\t\t\t\t\t\t\t<\/div>\n\t\t\t\t<\/div>\n\t\t\t\t\t<\/div>\n\t\t<\/div>\n\t\t\t\t\t<\/div>\n\t\t<\/section>\n\t\t\t\t<\/div>\n\t\t","protected":false},"excerpt":{"rendered":"<p>Verkostung typischer Produkte auf Oliven\u00f6lbasis in Alassio Die \u00d6lm\u00fchle, unser Zuhause Der \u00d6lm\u00fchle widmen wir all unsere Energien, sie stellt unseren gesamten Lebensinhalt dar, aber vor allem ist sie unser Zuhause. An diesem Ort versammelt sich unsere Familie, entscheidet \u00fcber die Weiterentwicklung unseres Betriebes, auf welche Produktionslinien wir uns konzentrieren und schlie\u00dflich entstehen hier auch [&hellip;]<\/p>\n","protected":false},"author":1,"featured_media":0,"parent":0,"menu_order":0,"comment_status":"closed","ping_status":"closed","template":"","meta":{"_acf_changed":false,"footnotes":""},"class_list":["post-3036","page","type-page","status-publish","hentry"],"acf":[],"yoast_head":"<!-- This site is optimized with the Yoast SEO plugin v27.3 - https:\/\/yoast.com\/product\/yoast-seo-wordpress\/ -->\n<title>Kostproben traditioneller Delikatessen auf Oliven\u00f6lbasis aus Ligurien<\/title>\n<meta name=\"description\" content=\"Buchen Sie eine Verkostung unserer Produkte im Frantoio Armato und probieren Sie selbst die K\u00f6stlichkeiten auf Oliven\u00f6lbasis aus unserem Katalog, wir leisten Ihnen dabei Gesellschaft!\" \/>\n<meta name=\"robots\" content=\"index, follow, max-snippet:-1, max-image-preview:large, max-video-preview:-1\" \/>\n<link rel=\"canonical\" href=\"https:\/\/www.frantoioarmato.it\/de\/verkostungen\/\" \/>\n<meta property=\"og:locale\" content=\"de_DE\" \/>\n<meta property=\"og:type\" content=\"article\" \/>\n<meta property=\"og:title\" content=\"Kostproben traditioneller Delikatessen auf Oliven\u00f6lbasis aus Ligurien\" \/>\n<meta property=\"og:description\" content=\"Buchen Sie eine Verkostung unserer Produkte im Frantoio Armato und probieren Sie selbst die K\u00f6stlichkeiten auf Oliven\u00f6lbasis aus unserem Katalog, wir leisten Ihnen dabei Gesellschaft!\" \/>\n<meta property=\"og:url\" content=\"https:\/\/www.frantoioarmato.it\/de\/verkostungen\/\" \/>\n<meta property=\"og:site_name\" content=\"Al Frantoio di Aldo Armato\" \/>\n<meta property=\"article:modified_time\" content=\"2020-07-21T09:13:10+00:00\" \/>\n<meta property=\"og:image\" content=\"https:\/\/www.frantoioarmato.it\/wp-content\/uploads\/2020\/04\/divisorio-armato.png\" \/>\n<meta name=\"twitter:card\" content=\"summary_large_image\" \/>\n<meta name=\"twitter:label1\" content=\"Gesch\u00e4tzte Lesezeit\" \/>\n\t<meta name=\"twitter:data1\" content=\"1\u00a0Minute\" \/>\n<script type=\"application\/ld+json\" class=\"yoast-schema-graph\">{\"@context\":\"https:\\\/\\\/schema.org\",\"@graph\":[{\"@type\":\"WebPage\",\"@id\":\"https:\\\/\\\/www.frantoioarmato.it\\\/de\\\/verkostungen\\\/\",\"url\":\"https:\\\/\\\/www.frantoioarmato.it\\\/de\\\/verkostungen\\\/\",\"name\":\"Kostproben traditioneller Delikatessen auf Oliven\u00f6lbasis aus Ligurien\",\"isPartOf\":{\"@id\":\"https:\\\/\\\/www.frantoioarmato.it\\\/#website\"},\"primaryImageOfPage\":{\"@id\":\"https:\\\/\\\/www.frantoioarmato.it\\\/de\\\/verkostungen\\\/#primaryimage\"},\"image\":{\"@id\":\"https:\\\/\\\/www.frantoioarmato.it\\\/de\\\/verkostungen\\\/#primaryimage\"},\"thumbnailUrl\":\"https:\\\/\\\/www.frantoioarmato.it\\\/wp-content\\\/uploads\\\/2020\\\/04\\\/divisorio-armato.png\",\"datePublished\":\"2020-07-21T09:10:33+00:00\",\"dateModified\":\"2020-07-21T09:13:10+00:00\",\"description\":\"Buchen Sie eine Verkostung unserer Produkte im Frantoio Armato und probieren Sie selbst die K\u00f6stlichkeiten auf Oliven\u00f6lbasis aus unserem Katalog, wir leisten Ihnen dabei Gesellschaft!\",\"breadcrumb\":{\"@id\":\"https:\\\/\\\/www.frantoioarmato.it\\\/de\\\/verkostungen\\\/#breadcrumb\"},\"inLanguage\":\"de\",\"potentialAction\":[{\"@type\":\"ReadAction\",\"target\":[\"https:\\\/\\\/www.frantoioarmato.it\\\/de\\\/verkostungen\\\/\"]}]},{\"@type\":\"ImageObject\",\"inLanguage\":\"de\",\"@id\":\"https:\\\/\\\/www.frantoioarmato.it\\\/de\\\/verkostungen\\\/#primaryimage\",\"url\":\"https:\\\/\\\/www.frantoioarmato.it\\\/wp-content\\\/uploads\\\/2020\\\/04\\\/divisorio-armato.png\",\"contentUrl\":\"https:\\\/\\\/www.frantoioarmato.it\\\/wp-content\\\/uploads\\\/2020\\\/04\\\/divisorio-armato.png\"},{\"@type\":\"BreadcrumbList\",\"@id\":\"https:\\\/\\\/www.frantoioarmato.it\\\/de\\\/verkostungen\\\/#breadcrumb\",\"itemListElement\":[{\"@type\":\"ListItem\",\"position\":1,\"name\":\"Home\",\"item\":\"https:\\\/\\\/www.frantoioarmato.it\\\/de\\\/\"},{\"@type\":\"ListItem\",\"position\":2,\"name\":\"Verkostungen\"}]},{\"@type\":\"WebSite\",\"@id\":\"https:\\\/\\\/www.frantoioarmato.it\\\/#website\",\"url\":\"https:\\\/\\\/www.frantoioarmato.it\\\/\",\"name\":\"Al Frantoio di Aldo Armato\",\"description\":\"Vendita olio e prodotti tipici liguri\",\"potentialAction\":[{\"@type\":\"SearchAction\",\"target\":{\"@type\":\"EntryPoint\",\"urlTemplate\":\"https:\\\/\\\/www.frantoioarmato.it\\\/?s={search_term_string}\"},\"query-input\":{\"@type\":\"PropertyValueSpecification\",\"valueRequired\":true,\"valueName\":\"search_term_string\"}}],\"inLanguage\":\"de\"}]}<\/script>\n<!-- \/ Yoast SEO plugin. -->","yoast_head_json":{"title":"Kostproben traditioneller Delikatessen auf Oliven\u00f6lbasis aus Ligurien","description":"Buchen Sie eine Verkostung unserer Produkte im Frantoio Armato und probieren Sie selbst die K\u00f6stlichkeiten auf Oliven\u00f6lbasis aus unserem Katalog, wir leisten Ihnen dabei Gesellschaft!","robots":{"index":"index","follow":"follow","max-snippet":"max-snippet:-1","max-image-preview":"max-image-preview:large","max-video-preview":"max-video-preview:-1"},"canonical":"https:\/\/www.frantoioarmato.it\/de\/verkostungen\/","og_locale":"de_DE","og_type":"article","og_title":"Kostproben traditioneller Delikatessen auf Oliven\u00f6lbasis aus Ligurien","og_description":"Buchen Sie eine Verkostung unserer Produkte im Frantoio Armato und probieren Sie selbst die K\u00f6stlichkeiten auf Oliven\u00f6lbasis aus unserem Katalog, wir leisten Ihnen dabei Gesellschaft!","og_url":"https:\/\/www.frantoioarmato.it\/de\/verkostungen\/","og_site_name":"Al Frantoio di Aldo Armato","article_modified_time":"2020-07-21T09:13:10+00:00","og_image":[{"url":"https:\/\/www.frantoioarmato.it\/wp-content\/uploads\/2020\/04\/divisorio-armato.png","type":"","width":"","height":""}],"twitter_card":"summary_large_image","twitter_misc":{"Gesch\u00e4tzte Lesezeit":"1\u00a0Minute"},"schema":{"@context":"https:\/\/schema.org","@graph":[{"@type":"WebPage","@id":"https:\/\/www.frantoioarmato.it\/de\/verkostungen\/","url":"https:\/\/www.frantoioarmato.it\/de\/verkostungen\/","name":"Kostproben traditioneller Delikatessen auf Oliven\u00f6lbasis aus Ligurien","isPartOf":{"@id":"https:\/\/www.frantoioarmato.it\/#website"},"primaryImageOfPage":{"@id":"https:\/\/www.frantoioarmato.it\/de\/verkostungen\/#primaryimage"},"image":{"@id":"https:\/\/www.frantoioarmato.it\/de\/verkostungen\/#primaryimage"},"thumbnailUrl":"https:\/\/www.frantoioarmato.it\/wp-content\/uploads\/2020\/04\/divisorio-armato.png","datePublished":"2020-07-21T09:10:33+00:00","dateModified":"2020-07-21T09:13:10+00:00","description":"Buchen Sie eine Verkostung unserer Produkte im Frantoio Armato und probieren Sie selbst die K\u00f6stlichkeiten auf Oliven\u00f6lbasis aus unserem Katalog, wir leisten Ihnen dabei Gesellschaft!","breadcrumb":{"@id":"https:\/\/www.frantoioarmato.it\/de\/verkostungen\/#breadcrumb"},"inLanguage":"de","potentialAction":[{"@type":"ReadAction","target":["https:\/\/www.frantoioarmato.it\/de\/verkostungen\/"]}]},{"@type":"ImageObject","inLanguage":"de","@id":"https:\/\/www.frantoioarmato.it\/de\/verkostungen\/#primaryimage","url":"https:\/\/www.frantoioarmato.it\/wp-content\/uploads\/2020\/04\/divisorio-armato.png","contentUrl":"https:\/\/www.frantoioarmato.it\/wp-content\/uploads\/2020\/04\/divisorio-armato.png"},{"@type":"BreadcrumbList","@id":"https:\/\/www.frantoioarmato.it\/de\/verkostungen\/#breadcrumb","itemListElement":[{"@type":"ListItem","position":1,"name":"Home","item":"https:\/\/www.frantoioarmato.it\/de\/"},{"@type":"ListItem","position":2,"name":"Verkostungen"}]},{"@type":"WebSite","@id":"https:\/\/www.frantoioarmato.it\/#website","url":"https:\/\/www.frantoioarmato.it\/","name":"Al Frantoio di Aldo Armato","description":"Vendita olio e prodotti tipici liguri","potentialAction":[{"@type":"SearchAction","target":{"@type":"EntryPoint","urlTemplate":"https:\/\/www.frantoioarmato.it\/?s={search_term_string}"},"query-input":{"@type":"PropertyValueSpecification","valueRequired":true,"valueName":"search_term_string"}}],"inLanguage":"de"}]}},"jetpack_sharing_enabled":true,"_links":{"self":[{"href":"https:\/\/www.frantoioarmato.it\/de\/wp-json\/wp\/v2\/pages\/3036","targetHints":{"allow":["GET"]}}],"collection":[{"href":"https:\/\/www.frantoioarmato.it\/de\/wp-json\/wp\/v2\/pages"}],"about":[{"href":"https:\/\/www.frantoioarmato.it\/de\/wp-json\/wp\/v2\/types\/page"}],"author":[{"embeddable":true,"href":"https:\/\/www.frantoioarmato.it\/de\/wp-json\/wp\/v2\/users\/1"}],"replies":[{"embeddable":true,"href":"https:\/\/www.frantoioarmato.it\/de\/wp-json\/wp\/v2\/comments?post=3036"}],"version-history":[{"count":5,"href":"https:\/\/www.frantoioarmato.it\/de\/wp-json\/wp\/v2\/pages\/3036\/revisions"}],"predecessor-version":[{"id":3041,"href":"https:\/\/www.frantoioarmato.it\/de\/wp-json\/wp\/v2\/pages\/3036\/revisions\/3041"}],"wp:attachment":[{"href":"https:\/\/www.frantoioarmato.it\/de\/wp-json\/wp\/v2\/media?parent=3036"}],"curies":[{"name":"wp","href":"https:\/\/api.w.org\/{rel}","templated":true}]}}