{"id":2921,"date":"2020-02-27T10:18:32","date_gmt":"2020-07-17T08:19:53","guid":{"rendered":"https:\/\/www.frantoioarmato.it\/unkategorisiert\/regenerierende-gesichtsmaske\/"},"modified":"2020-07-22T14:51:00","modified_gmt":"2020-07-22T14:51:00","slug":"regenerierende-gesichtsmaske","status":"publish","type":"product","link":"https:\/\/www.frantoioarmato.it\/de\/kosmetika\/regenerierende-gesichtsmaske\/","title":{"rendered":"Regenerierende Gesichtsmaske"},"content":{"rendered":"<p>Diese N\u00e4hremulsion wird mit Wasser abgesp\u00fclt und eignet sich ausgezeichnet als Gesichtsmaske. Dank der besonderen Wirkstoffe wird der Feuchtigkeitsgehalt der Haut wieder hergestellt und die Haut samtig regeneriert. Enth\u00e4lt zus\u00e4tzlich S\u00fc\u00dfmandel\u00f6l, Honig und Fruchts\u00e4uren.<\/p>\n","protected":false},"excerpt":{"rendered":"<p>Diese N\u00e4hremulsion wird mit Wasser abgesp\u00fclt und eignet sich ausgezeichnet als Gesichtsmaske. Dank der besonderen Wirkstoffe wird der Feuchtigkeitsgehalt der Haut wieder hergestellt und die Haut samtig regeneriert. Enth\u00e4lt zus\u00e4tzlich S\u00fc\u00dfmandel\u00f6l, Honig und Fruchts\u00e4uren.<\/p>\n","protected":false},"featured_media":1925,"template":"","meta":{"_acf_changed":false},"product_brand":[],"product_cat":[220],"product_tag":[],"class_list":{"0":"post-2921","1":"product","2":"type-product","3":"status-publish","4":"has-post-thumbnail","6":"product_cat-kosmetika","7":"pa_cosmetic-gesicht","9":"first","10":"instock","11":"taxable","12":"shipping-taxable","13":"purchasable","14":"product-type-simple"},"acf":[],"yoast_head":"<!-- This site is optimized with the Yoast SEO plugin v27.5 - https:\/\/yoast.com\/product\/yoast-seo-wordpress\/ -->\n<title>Regenerierende Gesichtsmaske - Al Frantoio di Aldo Armato<\/title>\n<meta name=\"robots\" content=\"index, follow, max-snippet:-1, max-image-preview:large, max-video-preview:-1\" \/>\n<link rel=\"canonical\" href=\"https:\/\/www.frantoioarmato.it\/de\/kosmetika\/regenerierende-gesichtsmaske\/\" \/>\n<meta property=\"og:locale\" content=\"de_DE\" \/>\n<meta property=\"og:type\" content=\"article\" \/>\n<meta property=\"og:title\" content=\"Regenerierende Gesichtsmaske - Al Frantoio di Aldo Armato\" \/>\n<meta property=\"og:description\" content=\"Diese N\u00e4hremulsion wird mit Wasser abgesp\u00fclt und eignet sich ausgezeichnet als Gesichtsmaske. Dank der besonderen Wirkstoffe wird der Feuchtigkeitsgehalt der Haut wieder hergestellt und die Haut samtig regeneriert. Enth\u00e4lt zus\u00e4tzlich S\u00fc\u00dfmandel\u00f6l, Honig und Fruchts\u00e4uren.\" \/>\n<meta property=\"og:url\" content=\"https:\/\/www.frantoioarmato.it\/de\/kosmetika\/regenerierende-gesichtsmaske\/\" \/>\n<meta property=\"og:site_name\" content=\"Al Frantoio di Aldo Armato\" \/>\n<meta property=\"article:modified_time\" content=\"2020-07-22T14:51:00+00:00\" \/>\n<meta property=\"og:image\" content=\"https:\/\/www.frantoioarmato.it\/wp-content\/uploads\/2020\/02\/maschera-viso-rigenerante.jpg\" \/>\n\t<meta property=\"og:image:width\" content=\"600\" \/>\n\t<meta property=\"og:image:height\" content=\"600\" \/>\n\t<meta property=\"og:image:type\" content=\"image\/jpeg\" \/>\n<meta name=\"twitter:card\" content=\"summary_large_image\" \/>\n<script type=\"application\/ld+json\" class=\"yoast-schema-graph\">{\"@context\":\"https:\\\/\\\/schema.org\",\"@graph\":[{\"@type\":\"WebPage\",\"@id\":\"https:\\\/\\\/www.frantoioarmato.it\\\/de\\\/kosmetika\\\/regenerierende-gesichtsmaske\\\/\",\"url\":\"https:\\\/\\\/www.frantoioarmato.it\\\/de\\\/kosmetika\\\/regenerierende-gesichtsmaske\\\/\",\"name\":\"Regenerierende Gesichtsmaske - Al Frantoio di Aldo Armato\",\"isPartOf\":{\"@id\":\"https:\\\/\\\/www.frantoioarmato.it\\\/#website\"},\"primaryImageOfPage\":{\"@id\":\"https:\\\/\\\/www.frantoioarmato.it\\\/de\\\/kosmetika\\\/regenerierende-gesichtsmaske\\\/#primaryimage\"},\"image\":{\"@id\":\"https:\\\/\\\/www.frantoioarmato.it\\\/de\\\/kosmetika\\\/regenerierende-gesichtsmaske\\\/#primaryimage\"},\"thumbnailUrl\":\"https:\\\/\\\/www.frantoioarmato.it\\\/wp-content\\\/uploads\\\/2020\\\/02\\\/maschera-viso-rigenerante.jpg\",\"datePublished\":\"2020-07-17T08:19:53+00:00\",\"dateModified\":\"2020-07-22T14:51:00+00:00\",\"breadcrumb\":{\"@id\":\"https:\\\/\\\/www.frantoioarmato.it\\\/de\\\/kosmetika\\\/regenerierende-gesichtsmaske\\\/#breadcrumb\"},\"inLanguage\":\"de\",\"potentialAction\":[{\"@type\":\"ReadAction\",\"target\":[\"https:\\\/\\\/www.frantoioarmato.it\\\/de\\\/kosmetika\\\/regenerierende-gesichtsmaske\\\/\"]}]},{\"@type\":\"ImageObject\",\"inLanguage\":\"de\",\"@id\":\"https:\\\/\\\/www.frantoioarmato.it\\\/de\\\/kosmetika\\\/regenerierende-gesichtsmaske\\\/#primaryimage\",\"url\":\"https:\\\/\\\/www.frantoioarmato.it\\\/wp-content\\\/uploads\\\/2020\\\/02\\\/maschera-viso-rigenerante.jpg\",\"contentUrl\":\"https:\\\/\\\/www.frantoioarmato.it\\\/wp-content\\\/uploads\\\/2020\\\/02\\\/maschera-viso-rigenerante.jpg\",\"width\":600,\"height\":600},{\"@type\":\"BreadcrumbList\",\"@id\":\"https:\\\/\\\/www.frantoioarmato.it\\\/de\\\/kosmetika\\\/regenerierende-gesichtsmaske\\\/#breadcrumb\",\"itemListElement\":[{\"@type\":\"ListItem\",\"position\":1,\"name\":\"Home\",\"item\":\"https:\\\/\\\/www.frantoioarmato.it\\\/de\\\/\"},{\"@type\":\"ListItem\",\"position\":2,\"name\":\"Shop\",\"item\":\"https:\\\/\\\/www.frantoioarmato.it\\\/de\\\/shop-2\\\/\"},{\"@type\":\"ListItem\",\"position\":3,\"name\":\"Regenerierende Gesichtsmaske\"}]},{\"@type\":\"WebSite\",\"@id\":\"https:\\\/\\\/www.frantoioarmato.it\\\/#website\",\"url\":\"https:\\\/\\\/www.frantoioarmato.it\\\/\",\"name\":\"Al Frantoio di Aldo Armato\",\"description\":\"Vendita olio e prodotti tipici liguri\",\"potentialAction\":[{\"@type\":\"SearchAction\",\"target\":{\"@type\":\"EntryPoint\",\"urlTemplate\":\"https:\\\/\\\/www.frantoioarmato.it\\\/?s={search_term_string}\"},\"query-input\":{\"@type\":\"PropertyValueSpecification\",\"valueRequired\":true,\"valueName\":\"search_term_string\"}}],\"inLanguage\":\"de\"}]}<\/script>\n<!-- \/ Yoast SEO plugin. -->","yoast_head_json":{"title":"Regenerierende Gesichtsmaske - Al Frantoio di Aldo Armato","robots":{"index":"index","follow":"follow","max-snippet":"max-snippet:-1","max-image-preview":"max-image-preview:large","max-video-preview":"max-video-preview:-1"},"canonical":"https:\/\/www.frantoioarmato.it\/de\/kosmetika\/regenerierende-gesichtsmaske\/","og_locale":"de_DE","og_type":"article","og_title":"Regenerierende Gesichtsmaske - Al Frantoio di Aldo Armato","og_description":"Diese N\u00e4hremulsion wird mit Wasser abgesp\u00fclt und eignet sich ausgezeichnet als Gesichtsmaske. Dank der besonderen Wirkstoffe wird der Feuchtigkeitsgehalt der Haut wieder hergestellt und die Haut samtig regeneriert. Enth\u00e4lt zus\u00e4tzlich S\u00fc\u00dfmandel\u00f6l, Honig und Fruchts\u00e4uren.","og_url":"https:\/\/www.frantoioarmato.it\/de\/kosmetika\/regenerierende-gesichtsmaske\/","og_site_name":"Al Frantoio di Aldo Armato","article_modified_time":"2020-07-22T14:51:00+00:00","og_image":[{"width":600,"height":600,"url":"https:\/\/www.frantoioarmato.it\/wp-content\/uploads\/2020\/02\/maschera-viso-rigenerante.jpg","type":"image\/jpeg"}],"twitter_card":"summary_large_image","schema":{"@context":"https:\/\/schema.org","@graph":[{"@type":"WebPage","@id":"https:\/\/www.frantoioarmato.it\/de\/kosmetika\/regenerierende-gesichtsmaske\/","url":"https:\/\/www.frantoioarmato.it\/de\/kosmetika\/regenerierende-gesichtsmaske\/","name":"Regenerierende Gesichtsmaske - Al Frantoio di Aldo Armato","isPartOf":{"@id":"https:\/\/www.frantoioarmato.it\/#website"},"primaryImageOfPage":{"@id":"https:\/\/www.frantoioarmato.it\/de\/kosmetika\/regenerierende-gesichtsmaske\/#primaryimage"},"image":{"@id":"https:\/\/www.frantoioarmato.it\/de\/kosmetika\/regenerierende-gesichtsmaske\/#primaryimage"},"thumbnailUrl":"https:\/\/www.frantoioarmato.it\/wp-content\/uploads\/2020\/02\/maschera-viso-rigenerante.jpg","datePublished":"2020-07-17T08:19:53+00:00","dateModified":"2020-07-22T14:51:00+00:00","breadcrumb":{"@id":"https:\/\/www.frantoioarmato.it\/de\/kosmetika\/regenerierende-gesichtsmaske\/#breadcrumb"},"inLanguage":"de","potentialAction":[{"@type":"ReadAction","target":["https:\/\/www.frantoioarmato.it\/de\/kosmetika\/regenerierende-gesichtsmaske\/"]}]},{"@type":"ImageObject","inLanguage":"de","@id":"https:\/\/www.frantoioarmato.it\/de\/kosmetika\/regenerierende-gesichtsmaske\/#primaryimage","url":"https:\/\/www.frantoioarmato.it\/wp-content\/uploads\/2020\/02\/maschera-viso-rigenerante.jpg","contentUrl":"https:\/\/www.frantoioarmato.it\/wp-content\/uploads\/2020\/02\/maschera-viso-rigenerante.jpg","width":600,"height":600},{"@type":"BreadcrumbList","@id":"https:\/\/www.frantoioarmato.it\/de\/kosmetika\/regenerierende-gesichtsmaske\/#breadcrumb","itemListElement":[{"@type":"ListItem","position":1,"name":"Home","item":"https:\/\/www.frantoioarmato.it\/de\/"},{"@type":"ListItem","position":2,"name":"Shop","item":"https:\/\/www.frantoioarmato.it\/de\/shop-2\/"},{"@type":"ListItem","position":3,"name":"Regenerierende Gesichtsmaske"}]},{"@type":"WebSite","@id":"https:\/\/www.frantoioarmato.it\/#website","url":"https:\/\/www.frantoioarmato.it\/","name":"Al Frantoio di Aldo Armato","description":"Vendita olio e prodotti tipici liguri","potentialAction":[{"@type":"SearchAction","target":{"@type":"EntryPoint","urlTemplate":"https:\/\/www.frantoioarmato.it\/?s={search_term_string}"},"query-input":{"@type":"PropertyValueSpecification","valueRequired":true,"valueName":"search_term_string"}}],"inLanguage":"de"}]}},"jetpack_sharing_enabled":true,"_links":{"self":[{"href":"https:\/\/www.frantoioarmato.it\/de\/wp-json\/wp\/v2\/product\/2921","targetHints":{"allow":["GET"]}}],"collection":[{"href":"https:\/\/www.frantoioarmato.it\/de\/wp-json\/wp\/v2\/product"}],"about":[{"href":"https:\/\/www.frantoioarmato.it\/de\/wp-json\/wp\/v2\/types\/product"}],"wp:featuredmedia":[{"embeddable":true,"href":"https:\/\/www.frantoioarmato.it\/de\/wp-json\/wp\/v2\/media\/1925"}],"wp:attachment":[{"href":"https:\/\/www.frantoioarmato.it\/de\/wp-json\/wp\/v2\/media?parent=2921"}],"wp:term":[{"taxonomy":"product_brand","embeddable":true,"href":"https:\/\/www.frantoioarmato.it\/de\/wp-json\/wp\/v2\/product_brand?post=2921"},{"taxonomy":"product_cat","embeddable":true,"href":"https:\/\/www.frantoioarmato.it\/de\/wp-json\/wp\/v2\/product_cat?post=2921"},{"taxonomy":"product_tag","embeddable":true,"href":"https:\/\/www.frantoioarmato.it\/de\/wp-json\/wp\/v2\/product_tag?post=2921"}],"curies":[{"name":"wp","href":"https:\/\/api.w.org\/{rel}","templated":true}]}}