{"id":2928,"date":"2020-02-27T07:53:03","date_gmt":"2020-07-17T08:34:21","guid":{"rendered":"https:\/\/www.frantoioarmato.it\/unkategorisiert\/fluessige-handcreme\/"},"modified":"2020-07-22T15:05:00","modified_gmt":"2020-07-22T15:05:00","slug":"flussige-handcreme","status":"publish","type":"product","link":"https:\/\/www.frantoioarmato.it\/de\/kosmetika\/flussige-handcreme\/","title":{"rendered":"Fl\u00fcssige Handcreme"},"content":{"rendered":"<p>Die angenehm fl\u00fcssige Handcreme dringt dank ihrer feuchtigkeitsspendenden Formel sofort in die Haut ein. Pflegt und sch\u00fctzt die H\u00e4nde wie ein Samthandschuh. Besonders geeignet zum Schutz bei h\u00e4ufigem Kontakt mit Seifenlauge, chemischen Stoffen, gegen K\u00e4lte oder Witterung. Perfekte Pflege gegen trockene, raue H\u00e4nde, die wieder zart und weich werden. Enth\u00e4lt zus\u00e4tzlich Sheabutter und Allantoin.<\/p>\n","protected":false},"excerpt":{"rendered":"<p>Die angenehm fl\u00fcssige Handcreme dringt dank ihrer feuchtigkeitsspendenden Formel sofort in die Haut ein. Pflegt und sch\u00fctzt die H\u00e4nde wie ein Samthandschuh. Besonders geeignet zum Schutz bei h\u00e4ufigem Kontakt mit Seifenlauge, chemischen Stoffen, gegen K\u00e4lte oder Witterung. Perfekte Pflege gegen trockene, raue H\u00e4nde, die wieder zart und weich werden. Enth\u00e4lt zus\u00e4tzlich Sheabutter und Allantoin.<\/p>\n","protected":false},"featured_media":1969,"template":"","meta":{"_acf_changed":false},"product_brand":[],"product_cat":[220],"product_tag":[],"class_list":{"0":"post-2928","1":"product","2":"type-product","3":"status-publish","4":"has-post-thumbnail","6":"product_cat-kosmetika","7":"pa_cosmetic-korper","9":"first","10":"instock","11":"taxable","12":"shipping-taxable","13":"purchasable","14":"product-type-simple"},"acf":[],"yoast_head":"<!-- This site is optimized with the Yoast SEO plugin v27.5 - https:\/\/yoast.com\/product\/yoast-seo-wordpress\/ -->\n<title>Fl\u00fcssige Handcreme - Al Frantoio di Aldo Armato<\/title>\n<meta name=\"robots\" content=\"index, follow, max-snippet:-1, max-image-preview:large, max-video-preview:-1\" \/>\n<link rel=\"canonical\" href=\"https:\/\/www.frantoioarmato.it\/de\/kosmetika\/flussige-handcreme\/\" \/>\n<meta property=\"og:locale\" content=\"de_DE\" \/>\n<meta property=\"og:type\" content=\"article\" \/>\n<meta property=\"og:title\" content=\"Fl\u00fcssige Handcreme - Al Frantoio di Aldo Armato\" \/>\n<meta property=\"og:description\" content=\"Die angenehm fl\u00fcssige Handcreme dringt dank ihrer feuchtigkeitsspendenden Formel sofort in die Haut ein. Pflegt und sch\u00fctzt die H\u00e4nde wie ein Samthandschuh. Besonders geeignet zum Schutz bei h\u00e4ufigem Kontakt mit Seifenlauge, chemischen Stoffen, gegen K\u00e4lte oder Witterung. Perfekte Pflege gegen trockene, raue H\u00e4nde, die wieder zart und weich werden. Enth\u00e4lt zus\u00e4tzlich Sheabutter und Allantoin.\" \/>\n<meta property=\"og:url\" content=\"https:\/\/www.frantoioarmato.it\/de\/kosmetika\/flussige-handcreme\/\" \/>\n<meta property=\"og:site_name\" content=\"Al Frantoio di Aldo Armato\" \/>\n<meta property=\"article:modified_time\" content=\"2020-07-22T15:05:00+00:00\" \/>\n<meta property=\"og:image\" content=\"https:\/\/www.frantoioarmato.it\/wp-content\/uploads\/2020\/02\/crema-fluida-mani-olio.jpg\" \/>\n\t<meta property=\"og:image:width\" content=\"600\" \/>\n\t<meta property=\"og:image:height\" content=\"600\" \/>\n\t<meta property=\"og:image:type\" content=\"image\/jpeg\" \/>\n<meta name=\"twitter:card\" content=\"summary_large_image\" \/>\n<script type=\"application\/ld+json\" class=\"yoast-schema-graph\">{\"@context\":\"https:\\\/\\\/schema.org\",\"@graph\":[{\"@type\":\"WebPage\",\"@id\":\"https:\\\/\\\/www.frantoioarmato.it\\\/de\\\/kosmetika\\\/flussige-handcreme\\\/\",\"url\":\"https:\\\/\\\/www.frantoioarmato.it\\\/de\\\/kosmetika\\\/flussige-handcreme\\\/\",\"name\":\"Fl\u00fcssige Handcreme - Al Frantoio di Aldo Armato\",\"isPartOf\":{\"@id\":\"https:\\\/\\\/www.frantoioarmato.it\\\/#website\"},\"primaryImageOfPage\":{\"@id\":\"https:\\\/\\\/www.frantoioarmato.it\\\/de\\\/kosmetika\\\/flussige-handcreme\\\/#primaryimage\"},\"image\":{\"@id\":\"https:\\\/\\\/www.frantoioarmato.it\\\/de\\\/kosmetika\\\/flussige-handcreme\\\/#primaryimage\"},\"thumbnailUrl\":\"https:\\\/\\\/www.frantoioarmato.it\\\/wp-content\\\/uploads\\\/2020\\\/02\\\/crema-fluida-mani-olio.jpg\",\"datePublished\":\"2020-07-17T08:34:21+00:00\",\"dateModified\":\"2020-07-22T15:05:00+00:00\",\"breadcrumb\":{\"@id\":\"https:\\\/\\\/www.frantoioarmato.it\\\/de\\\/kosmetika\\\/flussige-handcreme\\\/#breadcrumb\"},\"inLanguage\":\"de\",\"potentialAction\":[{\"@type\":\"ReadAction\",\"target\":[\"https:\\\/\\\/www.frantoioarmato.it\\\/de\\\/kosmetika\\\/flussige-handcreme\\\/\"]}]},{\"@type\":\"ImageObject\",\"inLanguage\":\"de\",\"@id\":\"https:\\\/\\\/www.frantoioarmato.it\\\/de\\\/kosmetika\\\/flussige-handcreme\\\/#primaryimage\",\"url\":\"https:\\\/\\\/www.frantoioarmato.it\\\/wp-content\\\/uploads\\\/2020\\\/02\\\/crema-fluida-mani-olio.jpg\",\"contentUrl\":\"https:\\\/\\\/www.frantoioarmato.it\\\/wp-content\\\/uploads\\\/2020\\\/02\\\/crema-fluida-mani-olio.jpg\",\"width\":600,\"height\":600},{\"@type\":\"BreadcrumbList\",\"@id\":\"https:\\\/\\\/www.frantoioarmato.it\\\/de\\\/kosmetika\\\/flussige-handcreme\\\/#breadcrumb\",\"itemListElement\":[{\"@type\":\"ListItem\",\"position\":1,\"name\":\"Home\",\"item\":\"https:\\\/\\\/www.frantoioarmato.it\\\/de\\\/\"},{\"@type\":\"ListItem\",\"position\":2,\"name\":\"Shop\",\"item\":\"https:\\\/\\\/www.frantoioarmato.it\\\/de\\\/shop-2\\\/\"},{\"@type\":\"ListItem\",\"position\":3,\"name\":\"Fl\u00fcssige Handcreme\"}]},{\"@type\":\"WebSite\",\"@id\":\"https:\\\/\\\/www.frantoioarmato.it\\\/#website\",\"url\":\"https:\\\/\\\/www.frantoioarmato.it\\\/\",\"name\":\"Al Frantoio di Aldo Armato\",\"description\":\"Vendita olio e prodotti tipici liguri\",\"potentialAction\":[{\"@type\":\"SearchAction\",\"target\":{\"@type\":\"EntryPoint\",\"urlTemplate\":\"https:\\\/\\\/www.frantoioarmato.it\\\/?s={search_term_string}\"},\"query-input\":{\"@type\":\"PropertyValueSpecification\",\"valueRequired\":true,\"valueName\":\"search_term_string\"}}],\"inLanguage\":\"de\"}]}<\/script>\n<!-- \/ Yoast SEO plugin. -->","yoast_head_json":{"title":"Fl\u00fcssige Handcreme - Al Frantoio di Aldo Armato","robots":{"index":"index","follow":"follow","max-snippet":"max-snippet:-1","max-image-preview":"max-image-preview:large","max-video-preview":"max-video-preview:-1"},"canonical":"https:\/\/www.frantoioarmato.it\/de\/kosmetika\/flussige-handcreme\/","og_locale":"de_DE","og_type":"article","og_title":"Fl\u00fcssige Handcreme - Al Frantoio di Aldo Armato","og_description":"Die angenehm fl\u00fcssige Handcreme dringt dank ihrer feuchtigkeitsspendenden Formel sofort in die Haut ein. Pflegt und sch\u00fctzt die H\u00e4nde wie ein Samthandschuh. Besonders geeignet zum Schutz bei h\u00e4ufigem Kontakt mit Seifenlauge, chemischen Stoffen, gegen K\u00e4lte oder Witterung. Perfekte Pflege gegen trockene, raue H\u00e4nde, die wieder zart und weich werden. Enth\u00e4lt zus\u00e4tzlich Sheabutter und Allantoin.","og_url":"https:\/\/www.frantoioarmato.it\/de\/kosmetika\/flussige-handcreme\/","og_site_name":"Al Frantoio di Aldo Armato","article_modified_time":"2020-07-22T15:05:00+00:00","og_image":[{"width":600,"height":600,"url":"https:\/\/www.frantoioarmato.it\/wp-content\/uploads\/2020\/02\/crema-fluida-mani-olio.jpg","type":"image\/jpeg"}],"twitter_card":"summary_large_image","schema":{"@context":"https:\/\/schema.org","@graph":[{"@type":"WebPage","@id":"https:\/\/www.frantoioarmato.it\/de\/kosmetika\/flussige-handcreme\/","url":"https:\/\/www.frantoioarmato.it\/de\/kosmetika\/flussige-handcreme\/","name":"Fl\u00fcssige Handcreme - Al Frantoio di Aldo Armato","isPartOf":{"@id":"https:\/\/www.frantoioarmato.it\/#website"},"primaryImageOfPage":{"@id":"https:\/\/www.frantoioarmato.it\/de\/kosmetika\/flussige-handcreme\/#primaryimage"},"image":{"@id":"https:\/\/www.frantoioarmato.it\/de\/kosmetika\/flussige-handcreme\/#primaryimage"},"thumbnailUrl":"https:\/\/www.frantoioarmato.it\/wp-content\/uploads\/2020\/02\/crema-fluida-mani-olio.jpg","datePublished":"2020-07-17T08:34:21+00:00","dateModified":"2020-07-22T15:05:00+00:00","breadcrumb":{"@id":"https:\/\/www.frantoioarmato.it\/de\/kosmetika\/flussige-handcreme\/#breadcrumb"},"inLanguage":"de","potentialAction":[{"@type":"ReadAction","target":["https:\/\/www.frantoioarmato.it\/de\/kosmetika\/flussige-handcreme\/"]}]},{"@type":"ImageObject","inLanguage":"de","@id":"https:\/\/www.frantoioarmato.it\/de\/kosmetika\/flussige-handcreme\/#primaryimage","url":"https:\/\/www.frantoioarmato.it\/wp-content\/uploads\/2020\/02\/crema-fluida-mani-olio.jpg","contentUrl":"https:\/\/www.frantoioarmato.it\/wp-content\/uploads\/2020\/02\/crema-fluida-mani-olio.jpg","width":600,"height":600},{"@type":"BreadcrumbList","@id":"https:\/\/www.frantoioarmato.it\/de\/kosmetika\/flussige-handcreme\/#breadcrumb","itemListElement":[{"@type":"ListItem","position":1,"name":"Home","item":"https:\/\/www.frantoioarmato.it\/de\/"},{"@type":"ListItem","position":2,"name":"Shop","item":"https:\/\/www.frantoioarmato.it\/de\/shop-2\/"},{"@type":"ListItem","position":3,"name":"Fl\u00fcssige Handcreme"}]},{"@type":"WebSite","@id":"https:\/\/www.frantoioarmato.it\/#website","url":"https:\/\/www.frantoioarmato.it\/","name":"Al Frantoio di Aldo Armato","description":"Vendita olio e prodotti tipici liguri","potentialAction":[{"@type":"SearchAction","target":{"@type":"EntryPoint","urlTemplate":"https:\/\/www.frantoioarmato.it\/?s={search_term_string}"},"query-input":{"@type":"PropertyValueSpecification","valueRequired":true,"valueName":"search_term_string"}}],"inLanguage":"de"}]}},"jetpack_sharing_enabled":true,"_links":{"self":[{"href":"https:\/\/www.frantoioarmato.it\/de\/wp-json\/wp\/v2\/product\/2928","targetHints":{"allow":["GET"]}}],"collection":[{"href":"https:\/\/www.frantoioarmato.it\/de\/wp-json\/wp\/v2\/product"}],"about":[{"href":"https:\/\/www.frantoioarmato.it\/de\/wp-json\/wp\/v2\/types\/product"}],"wp:featuredmedia":[{"embeddable":true,"href":"https:\/\/www.frantoioarmato.it\/de\/wp-json\/wp\/v2\/media\/1969"}],"wp:attachment":[{"href":"https:\/\/www.frantoioarmato.it\/de\/wp-json\/wp\/v2\/media?parent=2928"}],"wp:term":[{"taxonomy":"product_brand","embeddable":true,"href":"https:\/\/www.frantoioarmato.it\/de\/wp-json\/wp\/v2\/product_brand?post=2928"},{"taxonomy":"product_cat","embeddable":true,"href":"https:\/\/www.frantoioarmato.it\/de\/wp-json\/wp\/v2\/product_cat?post=2928"},{"taxonomy":"product_tag","embeddable":true,"href":"https:\/\/www.frantoioarmato.it\/de\/wp-json\/wp\/v2\/product_tag?post=2928"}],"curies":[{"name":"wp","href":"https:\/\/api.w.org\/{rel}","templated":true}]}}